{"id":273,"date":"2012-10-18T10:45:23","date_gmt":"2012-10-18T10:45:23","guid":{"rendered":"http:\/\/danemo.com\/?page_id=273"},"modified":"2012-10-18T10:47:22","modified_gmt":"2012-10-18T10:47:22","slug":"the-ocean","status":"publish","type":"page","link":"https:\/\/danemo.com\/?page_id=273","title":{"rendered":"The Ocean"},"content":{"rendered":"<p>&#8220;Konstellationen form\u00e5r \u2013 p\u00e5 baggrund af Danemos arrangementer \u2013 at l\u00e6gge helt afg\u00f8rende nye alen til rockorkesterets gamle travere. LED revitaliserer s\u00e5ledes i den grad numre som <em>Dazed and Confused, Ten Years Gone<\/em> og <em>Black Mountain Side<\/em> med de fem bl\u00e6sere i front&#8230;.\u00a0vitalt \u2013 for ikke at sige brutalt &#8211; d\u00e9t er <em>The Ocean<\/em> blevet: En tour-de-force henover 11 af rockorkesterets gammelkendte numre. Og det fungerer! <em>The Ocea<\/em>n er en bem\u00e6rkelsesv\u00e6rdig \u2013 men alts\u00e5 ogs\u00e5 brutal og bragende \u2013 omgang jazzmusik, som kan sl\u00e5 benene v\u00e6k under selv hardcore lyttere.&#8221;<br \/>\n<strong>&#8211; Ivan Rod\/<em>Gaffa.dk<\/em><\/strong><\/p>\n<p><strong><em><\/em><\/strong>&#8220;Danemos egna arrangemang tar sig t\u00e4mligen stora friheter med l\u00e5tar som Dazed and Confused, Black Mountain Side och Kashmir.\u00a0The Ocean \u00e4r\u00a0utan tvekan ett gediget och absolut h\u00f6rv\u00e4rt album pr\u00e4glat av b\u00e5de personlighet och kreativitet.&#8221;<br \/>\n<strong>\u00a0&#8211; Peter Bornemar\/<em>digmusic.se<\/em><\/strong><\/p>\n<p>&#8220;Ibland l\u00e5ter LED som ett minibrassband fr\u00e5n New Orleans.. Mot slutet av &#8220;Ten Years Gone&#8221; brister ensemblen ut i uppsluppen improvisation&#8230; Ett exempel p\u00e5 n\u00e4r arrangemangsbundenheten fungerar bra \u00e4r &#8220;Black Mountain Side&#8221;. Fr\u00e5n att hos Zeppelin ha varit en folkl\u00e5t, intrikat spelad p\u00e5 akustisk gitarr, har den blivit en ombonad liten trudelutt med mjukt bl\u00e5s &#8211; ett leende i skepnad av musik! Den absoluta h\u00f6jdpunkten \u00e4r emellertid &#8220;That&#8217;s The Way&#8221;, och sk\u00e4let till det heter Alberto Pinton. Jag gillar verkligen Pinton; han \u00e4r en besj\u00e4lad musiker med ett underbart driv. Ekonomisk, i betydelsen att han vet precis hur mycket eller hur lite han ska spela vid ett givet tillf\u00e4lle. I &#8220;That&#8217;s The Way&#8221; \u00e4r tonen i hans barytonsax som doften av nybakt br\u00f6d, varm och stor och alldeles oemotst\u00e5ndlig. Man vill bara ha mer!&#8221;<br \/>\n<strong>&#8211; Peter Sj\u00f6blom\/<em>Tidningen Kulturen<\/em><\/strong><\/p>\n<p>&#8220;Led Zeppelins musik lockar till tolkning. Den har redan gjorts i symfoniska varianter. Och h\u00e4r kommer nu jazztolkningar med en svensk bl\u00e5ssextett.\u00a0 Det \u00e4r inte alls n\u00e5gon dum tanke att l\u00e5ta Zeppelins riffbaserade musik utg\u00f6ra grunden f\u00f6r improvisationer. <em>Misty Mountain<\/em> <em>Hop<\/em> \u00e4r riktigt lyckad, liksom<em> Kashmir<\/em>, som utvecklar de orientaliska influenserna.&#8221;<br \/>\n<strong>&#8211; Bo Str\u00f6berg\/<em>Sm\u00e5landstidningen<\/em><\/strong><\/p>\n<p>&#8220;S\u00e4rskilt Pinton och Holmander bidrar kraftigt till gruppens f\u00e4rg med energifyllt spel. I <em>Four Sticks<\/em> f\u00e5r de musiken att koka med sina starka personifierade utflykter. De presterar en fri form av jazz som b\u00e5de behagar och ruskar om. I <em>That\u2019s The Way<\/em> \u00e4r Pinton p\u00e5 ett str\u00e5lande spelhum\u00f6r &#8211; ett av skivan absoluta toppnummer. Nils Jansons trumpet \u00e4r alert och medryckande i <em>Misty Mountain Hop<\/em>. LED \u00e4r tvekl\u00f6st v\u00e4rda att uppm\u00e4rksammas f\u00f6r n\u00e4rmandet till Zeppelins musik.&#8221;<br \/>\n<strong>&#8211; G\u00f6ran Olson\/<em>musikindustrin.se<\/em><\/strong><\/p>\n<p>&#8220;Jeg hilser et projekt, hvor Led Zep og jazz blandes sammen velkomment med stor nysgerrighed. Det er interessant som trommeslageren og bandlederen Peter Danemo har taget livtag p\u00e5 Led Zeppelins klassiske guitarriff. Nogle gange lyder det som et marchorkester der har spist rock til morgenmad. Andre gange lyder det som et jazzorkester der klemmer hver en blodsdr\u00e5be ud af de simple blues-inspirerede rocksange &#8211; hvilket det i bogstavligste forstand ogs\u00e5 er. Peter Danemo er en erfaren jazzr\u00e6v og er heldigvis ikke bange for at lege med arveguldet. Trommerne ledsages af fem bl\u00e6sere: trompet, altsax, trombone, barytonsax og tuba mens den tidligere E.S.T.-bassist Dan Berglund g\u00e6stemedvirker p\u00e5 No quarter. Dazed and confused, Misty mountain hop og Kashmir er blandt de udvalgte numre. Der er tilpas meget tyngde og vildskab bevaret i Led Zep&#8217;s musik &#8211; der p\u00e5 forunderligste vis klarer transformeringen langt bedre end jeg havde frygtet. LED&#8217;s The Ocean er et originalt og anbefalelsesv\u00e6rdigt udspil.&#8221;<br \/>\n<strong>&#8211; Niels Overg\u00e5rd\/jazznyt.blogspot.com<\/strong><\/p>\n<p style=\"text-align: right;\"><a title=\"Recensioner\" href=\"http:\/\/danemo.com\/?page_id=118\">Tillbaka<\/a><\/p>\n","protected":false},"excerpt":{"rendered":"<p>&#8220;Konstellationen form\u00e5r \u2013 p\u00e5 baggrund af Danemos arrangementer \u2013 at l\u00e6gge helt afg\u00f8rende nye alen til rockorkesterets gamle travere. LED revitaliserer s\u00e5ledes i den grad numre som Dazed and Confused, Ten Years Gone og Black Mountain Side med de fem bl\u00e6sere i front&#8230;.\u00a0vitalt \u2013 for ikke at sige brutalt &#8211; d\u00e9t er The Ocean blevet: &hellip; <\/p>\n<p class=\"link-more\"><a href=\"https:\/\/danemo.com\/?page_id=273\" class=\"more-link\">Continue reading<span class=\"screen-reader-text\"> &#8220;The Ocean&#8221;<\/span><\/a><\/p>\n","protected":false},"author":1,"featured_media":0,"parent":118,"menu_order":4,"comment_status":"closed","ping_status":"closed","template":"","meta":{"footnotes":""},"class_list":["post-273","page","type-page","status-publish","hentry"],"_links":{"self":[{"href":"https:\/\/danemo.com\/index.php?rest_route=\/wp\/v2\/pages\/273","targetHints":{"allow":["GET"]}}],"collection":[{"href":"https:\/\/danemo.com\/index.php?rest_route=\/wp\/v2\/pages"}],"about":[{"href":"https:\/\/danemo.com\/index.php?rest_route=\/wp\/v2\/types\/page"}],"author":[{"embeddable":true,"href":"https:\/\/danemo.com\/index.php?rest_route=\/wp\/v2\/users\/1"}],"replies":[{"embeddable":true,"href":"https:\/\/danemo.com\/index.php?rest_route=%2Fwp%2Fv2%2Fcomments&post=273"}],"version-history":[{"count":2,"href":"https:\/\/danemo.com\/index.php?rest_route=\/wp\/v2\/pages\/273\/revisions"}],"predecessor-version":[{"id":276,"href":"https:\/\/danemo.com\/index.php?rest_route=\/wp\/v2\/pages\/273\/revisions\/276"}],"up":[{"embeddable":true,"href":"https:\/\/danemo.com\/index.php?rest_route=\/wp\/v2\/pages\/118"}],"wp:attachment":[{"href":"https:\/\/danemo.com\/index.php?rest_route=%2Fwp%2Fv2%2Fmedia&parent=273"}],"curies":[{"name":"wp","href":"https:\/\/api.w.org\/{rel}","templated":true}]}}