{"id":2259,"date":"2025-05-19T15:03:26","date_gmt":"2025-05-19T15:03:26","guid":{"rendered":"https:\/\/danemo.com\/?page_id=2259"},"modified":"2025-05-19T15:12:26","modified_gmt":"2025-05-19T15:12:26","slug":"peter-danemo-norrbotten-big-band-hedvigsnas","status":"publish","type":"page","link":"https:\/\/danemo.com\/?page_id=2259","title":{"rendered":"Peter Danemo &amp; Norrbotten Big Band &#8211; Hedvigsn\u00e4s"},"content":{"rendered":"\n<figure class=\"wp-block-image size-full is-resized\"><a href=\"https:\/\/danemo.com\/wp-content\/uploads\/2016\/11\/Peter-Danemo-Norrbotten-Big-Band-Hedvigsn\u00e4s-cover.jpg\"><img loading=\"lazy\" decoding=\"async\" width=\"847\" height=\"766\" src=\"https:\/\/danemo.com\/wp-content\/uploads\/2016\/11\/Peter-Danemo-Norrbotten-Big-Band-Hedvigsn\u00e4s-cover.jpg\" alt=\"\" class=\"wp-image-1656\" style=\"width:300px\" srcset=\"https:\/\/danemo.com\/wp-content\/uploads\/2016\/11\/Peter-Danemo-Norrbotten-Big-Band-Hedvigsn\u00e4s-cover.jpg 847w, https:\/\/danemo.com\/wp-content\/uploads\/2016\/11\/Peter-Danemo-Norrbotten-Big-Band-Hedvigsn\u00e4s-cover-300x271.jpg 300w, https:\/\/danemo.com\/wp-content\/uploads\/2016\/11\/Peter-Danemo-Norrbotten-Big-Band-Hedvigsn\u00e4s-cover-768x695.jpg 768w\" sizes=\"auto, (max-width: 767px) 89vw, (max-width: 1000px) 54vw, (max-width: 1071px) 543px, 580px\" \/><\/a><\/figure>\n\n\n\n<p>When I was five years old, my family moved from my birthplace of Ume\u00e5, a town in the northern part of Sweden, to a farm called&nbsp;<em>Hedvigsn\u00e4s<\/em>&nbsp;near Tibro, close to Lake V\u00e4ttern in the southern half of the country. Compared to Ume\u00e5, Tibro was a very small town, and Hedvigsn\u00e4s was just a little farm. It was quite a big change for a child. My sister and I spent a couple of carefree years there before starting school, when a more structured life began. It\u2019s a time I remember fondly. The sun seemed to shine every day, whether it was summer or the ground was covered with a glistening blanket of snow. We played in our little world, which to us was infinitely mysterious and full of unknown things calling out to be explored. Every door was a potential gateway to a new universe, and we filled the spaces we found with our imagination. A tractor became an aircraft, and if a room was empty, we simply turned it into a pirate cave or a desert oasis. Imagination showed us the way, and we happily followed wherever it led.<\/p>\n\n\n\n<p>More than once, my year as Composer in Residence with the Norrbotten Big Band brought my thoughts back to Hedvigsn\u00e4s and what that time represents for me. I\u2019ve had similar feelings about the Norrbotten Big Band; it\u2019s like a place filled with endless possibilities, limited only by my imagination and my ability to communicate musical ideas. I\u2019m hugely grateful to all the orchestra\u2019s members for their openness to everything I presented, and for capturing so successfully what happens in the meeting between musicians and my music. Norrbotten Big Band is an orchestra like no other, whose members handled shifting tempos and odd meters without ever losing focus on the music. Each of them contributed their unmistakable style and sound to the compositions, filling the music with creativity and maturity. As a band, Norrbotten has a unique ability to elevate every musical situation they take part in.<\/p>\n\n\n\n<p>I feel deep gratitude and pride in having served as Norrbotten Big Band\u2019s Composer in Residence for 2015. It was a privilege and an honour to get to know the orchestra so intimately \u2014 to the point where I could recognise the individual voice behind each musician\u2019s instrument. This kind of familiarity is only possible over time \u2014 a time, I should add, full of jokes, laughter, and warmth.<\/p>\n\n\n\n<p>Just how profoundly my role with Norrbotten Big Band has affected me, both as a composer and as a person, will take a long time to fully understand. All I can say for now is how deeply thankful I am to the wonderful musicians in the band; without their extraordinary talent and dedication, none of this would have been possible.<br>&#8211; Peter Danemo 2016<\/p>\n\n\n\n<figure class=\"wp-block-image size-large\"><a href=\"https:\/\/danemo.com\/wp-content\/uploads\/2017\/11\/DSC00237_www_miki.anagrius.jpg\"><img loading=\"lazy\" decoding=\"async\" width=\"683\" height=\"1024\" src=\"https:\/\/danemo.com\/wp-content\/uploads\/2017\/11\/DSC00237_www_miki.anagrius-683x1024.jpg\" alt=\"\" class=\"wp-image-1681\" srcset=\"https:\/\/danemo.com\/wp-content\/uploads\/2017\/11\/DSC00237_www_miki.anagrius-683x1024.jpg 683w, https:\/\/danemo.com\/wp-content\/uploads\/2017\/11\/DSC00237_www_miki.anagrius-200x300.jpg 200w, https:\/\/danemo.com\/wp-content\/uploads\/2017\/11\/DSC00237_www_miki.anagrius-768x1151.jpg 768w, https:\/\/danemo.com\/wp-content\/uploads\/2017\/11\/DSC00237_www_miki.anagrius-1200x1799.jpg 1200w, https:\/\/danemo.com\/wp-content\/uploads\/2017\/11\/DSC00237_www_miki.anagrius.jpg 1601w\" sizes=\"auto, (max-width: 683px) 100vw, 683px\" \/><\/a><\/figure>\n\n\n\n<p>Photo by Miki Anagrius<br><br>In the liner notes I wrote some words about all the pieces on the album. Here&#8217;s what I wrote about the title track.<\/p>\n\n\n\n<p><strong>HEDVIGSN\u00c4S<\/strong><br>Children embrace the world in a way I find deeply inspiring. They see only possibilities and never let logic get in the way of a good adventure. Seen through their eyes, it&#8217;s entirely plausible to fly, become invisible, or gain superpowers. Nothing is impossible, and nothing is truly dangerous \u2013 because family is the safe place you return to after each adventure.<br>But far too many children are denied a secure and loving childhood. This piece is dedicated to them.<\/p>\n\n\n\n<p>Woodwinds<br>H\u00e5kan Brostr\u00f6m &#8211; alto and soprano saxophone, alto flute<br>Janne Thelin &#8211; alto saxophone, Bb clarinet, bass clarinet, contra bass clarinet<br>Mats Garberg &#8211; tenor saxophone, flute<br>Robert Nordmark \u2013 tenor saxophone, alto fl ute, Bb clarinet<br>Per Moberg &#8211; baritone saxophone, fl ute<\/p>\n\n\n\n<p>Trumpets<br>Jacek Onuskiewicz &#8211; trumpet, flugelhorn<br>Magnus Ekholm &#8211; trumpet, flugelhorn<br>Dan Johansson &#8211; trumpet, flugelhorn<br>Peter Lindhamre &#8211; trumpet, flugelhorn<\/p>\n\n\n\n<p>Trombones<br>Peter Dahlgren &#8211; trombone<br>Arvid Ingberg &#8211; trombone<br>Urban Wiborg &#8211; trombone<br>Bj\u00f6rn H\u00e4ngsel &#8211; bass trombone, tuba<\/p>\n\n\n\n<p>Adam Forkelid &#8211; piano<br>Christian Spering &#8211; acoustic bass<br>Konrad Agnas &#8211; drums<br>Peter Danemo &#8211; conductor, electronics, electronic treatment<\/p>\n\n\n<p><iframe allow=\"autoplay *; encrypted-media *;\" frameborder=\"0\" height=\"450\" style=\"width:100%;max-width:660px;overflow:hidden;background:transparent;\" sandbox=\"allow-forms allow-popups allow-same-origin allow-scripts allow-storage-access-by-user-activation allow-top-navigation-by-user-activation\" src=\"https:\/\/embed.music.apple.com\/se\/album\/hedvigsn%C3%A4s\/1157691640\"><\/iframe><\/p>\n","protected":false},"excerpt":{"rendered":"<p>When I was five years old, my family moved from my birthplace of Ume\u00e5, a town in the northern part of Sweden, to a farm called&nbsp;Hedvigsn\u00e4s&nbsp;near Tibro, close to Lake V\u00e4ttern in the southern half of the country. Compared to Ume\u00e5, Tibro was a very small town, and Hedvigsn\u00e4s was just a little farm. It &hellip; <\/p>\n<p class=\"link-more\"><a href=\"https:\/\/danemo.com\/?page_id=2259\" class=\"more-link\">Continue reading<span class=\"screen-reader-text\"> &#8220;Peter Danemo &amp; Norrbotten Big Band &#8211; Hedvigsn\u00e4s&#8221;<\/span><\/a><\/p>\n","protected":false},"author":1,"featured_media":0,"parent":0,"menu_order":0,"comment_status":"closed","ping_status":"closed","template":"","meta":{"footnotes":""},"class_list":["post-2259","page","type-page","status-publish","hentry"],"_links":{"self":[{"href":"https:\/\/danemo.com\/index.php?rest_route=\/wp\/v2\/pages\/2259","targetHints":{"allow":["GET"]}}],"collection":[{"href":"https:\/\/danemo.com\/index.php?rest_route=\/wp\/v2\/pages"}],"about":[{"href":"https:\/\/danemo.com\/index.php?rest_route=\/wp\/v2\/types\/page"}],"author":[{"embeddable":true,"href":"https:\/\/danemo.com\/index.php?rest_route=\/wp\/v2\/users\/1"}],"replies":[{"embeddable":true,"href":"https:\/\/danemo.com\/index.php?rest_route=%2Fwp%2Fv2%2Fcomments&post=2259"}],"version-history":[{"count":4,"href":"https:\/\/danemo.com\/index.php?rest_route=\/wp\/v2\/pages\/2259\/revisions"}],"predecessor-version":[{"id":2265,"href":"https:\/\/danemo.com\/index.php?rest_route=\/wp\/v2\/pages\/2259\/revisions\/2265"}],"wp:attachment":[{"href":"https:\/\/danemo.com\/index.php?rest_route=%2Fwp%2Fv2%2Fmedia&parent=2259"}],"curies":[{"name":"wp","href":"https:\/\/api.w.org\/{rel}","templated":true}]}}