{"id":2124,"date":"2025-05-18T20:38:04","date_gmt":"2025-05-18T20:38:04","guid":{"rendered":"https:\/\/danemo.com\/?page_id=2124"},"modified":"2025-05-18T20:38:04","modified_gmt":"2025-05-18T20:38:04","slug":"peter-danemo-kapell-resonance","status":"publish","type":"page","link":"https:\/\/danemo.com\/?page_id=2124","title":{"rendered":"Peter Danemo Kapell &#8211; Resonance"},"content":{"rendered":"\n<figure class=\"wp-block-image size-large is-resized\"><a href=\"https:\/\/danemo.com\/wp-content\/uploads\/2025\/05\/Peter-Danemo-Kapell-Resonance-front-scaled.jpg\"><img loading=\"lazy\" decoding=\"async\" width=\"1021\" height=\"1024\" src=\"https:\/\/danemo.com\/wp-content\/uploads\/2025\/05\/Peter-Danemo-Kapell-Resonance-front-1021x1024.jpg\" alt=\"\" class=\"wp-image-2092\" style=\"width:300px\" srcset=\"https:\/\/danemo.com\/wp-content\/uploads\/2025\/05\/Peter-Danemo-Kapell-Resonance-front-1021x1024.jpg 1021w, https:\/\/danemo.com\/wp-content\/uploads\/2025\/05\/Peter-Danemo-Kapell-Resonance-front-300x300.jpg 300w, https:\/\/danemo.com\/wp-content\/uploads\/2025\/05\/Peter-Danemo-Kapell-Resonance-front-150x150.jpg 150w, https:\/\/danemo.com\/wp-content\/uploads\/2025\/05\/Peter-Danemo-Kapell-Resonance-front-768x770.jpg 768w, https:\/\/danemo.com\/wp-content\/uploads\/2025\/05\/Peter-Danemo-Kapell-Resonance-front-1532x1536.jpg 1532w, https:\/\/danemo.com\/wp-content\/uploads\/2025\/05\/Peter-Danemo-Kapell-Resonance-front-2042x2048.jpg 2042w, https:\/\/danemo.com\/wp-content\/uploads\/2025\/05\/Peter-Danemo-Kapell-Resonance-front-100x100.jpg 100w\" sizes=\"auto, (max-width: 767px) 89vw, (max-width: 1000px) 54vw, (max-width: 1071px) 543px, 580px\" \/><\/a><\/figure>\n\n\n\n<p>In our home stands a pump organ \u2013 a gift from a dear friend. I love playing it, and so do my children. One of the pedals was broken and the whole thing was covered in dust. My daughter and I worked together to repair and clean it \u2013 a small adventure for the two of us.<\/p>\n\n\n\n<p>Several of the compositions on this CD were brought to life on the pump organ. At times, it felt like making wine \u2013 slowly pressing out the essence, step by step. One thing I quickly discovered is that a pump organ is an ergonomic disaster. But that has its benefits: I can\u2019t sit and pump through my ideas for too long. You have to stay sharp and make quick decisions \u2013 for the sake of your back, and to know which ideas are worth following. You don\u2019t want to press too far in the wrong direction and end up with a slipped disc&#8230;<\/p>\n\n\n\n<p>As you can tell, the pump organ is deeply connected to <em>Resonance<\/em>, in more ways than one. That\u2019s why it felt only natural for it to open the CD with a brief introduction to <em>Beardland<\/em> \u2013 much of which was composed on that very instrument. Enjoy!<br>&#8211; Peter Danemo 2004<\/p>\n\n\n\n<ol class=\"wp-block-list\">\n<li>Beardland\u00a0<\/li>\n\n\n\n<li>Motvals\u00a0<\/li>\n\n\n\n<li>Bl\u00e5b\u00e4rsharmoni<\/li>\n\n\n\n<li>To A Redbricked House<\/li>\n\n\n\n<li>Samspel I<\/li>\n\n\n\n<li>Kontrarytm<\/li>\n\n\n\n<li>Samspel II<\/li>\n\n\n\n<li>Resonans-Tr\u00e4<\/li>\n\n\n\n<li>She Would Never Dream Of<\/li>\n\n\n\n<li>Seven Of Nine<\/li>\n\n\n\n<li>Calm<\/li>\n\n\n\n<li>Wallgren<\/li>\n\n\n\n<li>Resonans-M\u00e4ssing<\/li>\n\n\n\n<li>Try This For Size<\/li>\n\n\n\n<li>Resonans-Str\u00e4ng<br><\/li>\n<\/ol>\n\n\n\n<p>All compositions and arrangements by Peter Danemo, except track 4 by Peter Danemo\/Marie Almqvist and track 9 by Marie Almqvist and track 5, 7 that is collective improvisations by the players.<br><br><strong>Staffan Svensson<\/strong> &#8211; trumpet, piccola trumpet, flugelhorn<br><strong>Thomas Cauderey<\/strong> &#8211; trumpet, flugelhorn<br><strong>Peter Dahlgren<\/strong> &#8211; trombone<br><strong>Per \u201dTexas\u201d Johansson<\/strong> &#8211; clarinet, bass clarinet, contrabass clarinet<br><strong>Cennet J\u00f6nsson<\/strong> &#8211; soprano saxophone, bass clarinet<br><strong>Fredrik Lundin<\/strong> &#8211; tenor saxphone, soprano saxophone, flute, bass flute<br><strong>Krister Jonsson<\/strong> &#8211; guitar<br><strong>Mattias Svensson<\/strong> &#8211; acoustic and electric bass<br><strong>Peter Danemo<\/strong> &#8211; drums, percussion and pump organ<\/p>\n\n\n\n<p>Guest&#8217;s<br><strong>Marie Almqvist<\/strong> &#8211; vocals (track 4, 9)<br><strong>Krister Gustavsson<\/strong> &#8211; trumpet, flugelhorn (track 2, 5, 6)<\/p>\n\n\n\n<p>Recorded 15-16 January 2004 at Varispeed Studios, Kl\u00e5gerup<br>and 3 June 2004 Swedish Radio, Malm\u00f6<br>Executive Producer Ulf R\u00e5delius<br>Recording engineer Hans Larsson<br>Assistant recording engineer Bosse Christiansson<br>Mastering: Stage Tech, Malm\u00f6<br>Cover Photo: Erik Nilsson<br>Layout: dB-Productions<br><\/p>\n\n\n<p><iframe allow=\"autoplay *; encrypted-media *;\" frameborder=\"0\" height=\"450\" style=\"width:100%;max-width:660px;overflow:hidden;background:transparent;\" sandbox=\"allow-forms allow-popups allow-same-origin allow-scripts allow-storage-access-by-user-activation allow-top-navigation-by-user-activation\" src=\"https:\/\/embed.music.apple.com\/se\/album\/kapell\/438694296\"><\/iframe><\/p>\n","protected":false},"excerpt":{"rendered":"<p>In our home stands a pump organ \u2013 a gift from a dear friend. I love playing it, and so do my children. One of the pedals was broken and the whole thing was covered in dust. My daughter and I worked together to repair and clean it \u2013 a small adventure for the two &hellip; <\/p>\n<p class=\"link-more\"><a href=\"https:\/\/danemo.com\/?page_id=2124\" class=\"more-link\">Continue reading<span class=\"screen-reader-text\"> &#8220;Peter Danemo Kapell &#8211; Resonance&#8221;<\/span><\/a><\/p>\n","protected":false},"author":1,"featured_media":0,"parent":0,"menu_order":0,"comment_status":"closed","ping_status":"closed","template":"","meta":{"footnotes":""},"class_list":["post-2124","page","type-page","status-publish","hentry"],"_links":{"self":[{"href":"https:\/\/danemo.com\/index.php?rest_route=\/wp\/v2\/pages\/2124","targetHints":{"allow":["GET"]}}],"collection":[{"href":"https:\/\/danemo.com\/index.php?rest_route=\/wp\/v2\/pages"}],"about":[{"href":"https:\/\/danemo.com\/index.php?rest_route=\/wp\/v2\/types\/page"}],"author":[{"embeddable":true,"href":"https:\/\/danemo.com\/index.php?rest_route=\/wp\/v2\/users\/1"}],"replies":[{"embeddable":true,"href":"https:\/\/danemo.com\/index.php?rest_route=%2Fwp%2Fv2%2Fcomments&post=2124"}],"version-history":[{"count":1,"href":"https:\/\/danemo.com\/index.php?rest_route=\/wp\/v2\/pages\/2124\/revisions"}],"predecessor-version":[{"id":2125,"href":"https:\/\/danemo.com\/index.php?rest_route=\/wp\/v2\/pages\/2124\/revisions\/2125"}],"wp:attachment":[{"href":"https:\/\/danemo.com\/index.php?rest_route=%2Fwp%2Fv2%2Fmedia&parent=2124"}],"curies":[{"name":"wp","href":"https:\/\/api.w.org\/{rel}","templated":true}]}}